{"id":985,"date":"2022-04-08T11:58:23","date_gmt":"2022-04-08T10:58:23","guid":{"rendered":"https:\/\/htmrobotics.com\/robotica-htm\/"},"modified":"2023-01-31T12:18:31","modified_gmt":"2023-01-31T12:18:31","slug":"robotica-htm","status":"publish","type":"page","link":"https:\/\/htmrobotics.com\/es\/","title":{"rendered":"HTM Robotics"},"content":{"rendered":"<div id=\"cs-content\" class=\"cs-content\"><\/div>\n","protected":false},"excerpt":{"rendered":"<p>Conozca a sus nuevosRobots de Hosteler\u00eda y Restauraci\u00f3nNo se requieren conocimientos t\u00e9cnicosOpciones de financiaci\u00f3n flexiblesPromociones publicitarias y de marketing Navegaci\u00f3n con redireccionamiento r\u00e1pidoLa gama HTM RoboticsMiniLuckiWhizNuestros robots de servicioSolucionar problemas comercialesEscasez de mano de obraCon el impacto de la epidemia de Covid19 desde 2020, la escasez de mano de obra se ha convertido en un problema al que los due\u00f1os &#8230; <a href=\"https:\/\/htmrobotics.com\/es\/\" class=\"more-link\">Read More<\/a><\/p>\n","protected":false},"author":1,"featured_media":0,"parent":0,"menu_order":0,"comment_status":"closed","ping_status":"closed","template":"","meta":{"_acf_changed":false,"footnotes":""},"acf":[],"yoast_head":"<!-- This site is optimized with the Yoast SEO plugin v22.9 - https:\/\/yoast.com\/wordpress\/plugins\/seo\/ -->\n<title>HTM Robotics - HTM Robotics<\/title>\n<meta name=\"description\" content=\"Ofrecer robots de servicio excepcional en \u00e1reas como pubs, restaurantes, hoteles, cl\u00ednicas, residencias, supermercados, f\u00e1bricas, etc. en todo el mundo.\" \/>\n<meta name=\"robots\" content=\"index, follow, max-snippet:-1, max-image-preview:large, max-video-preview:-1\" \/>\n<link rel=\"canonical\" href=\"https:\/\/htmrobotics.com\/es\/\" \/>\n<meta property=\"og:locale\" content=\"es_ES\" \/>\n<meta property=\"og:type\" content=\"article\" \/>\n<meta property=\"og:title\" content=\"HTM Robotics - HTM Robotics\" \/>\n<meta property=\"og:description\" content=\"Ofrecer robots de servicio excepcional en \u00e1reas como pubs, restaurantes, hoteles, cl\u00ednicas, residencias, supermercados, f\u00e1bricas, etc. en todo el mundo.\" \/>\n<meta property=\"og:url\" content=\"https:\/\/htmrobotics.com\/es\/\" \/>\n<meta property=\"og:site_name\" content=\"HTM Robotics\" \/>\n<meta property=\"article:modified_time\" content=\"2023-01-31T12:18:31+00:00\" \/>\n<meta name=\"twitter:card\" content=\"summary_large_image\" \/>\n<script type=\"application\/ld+json\" class=\"yoast-schema-graph\">{\"@context\":\"https:\/\/schema.org\",\"@graph\":[{\"@type\":\"WebPage\",\"@id\":\"https:\/\/htmrobotics.com\/es\/\",\"url\":\"https:\/\/htmrobotics.com\/es\/\",\"name\":\"HTM Robotics - HTM Robotics\",\"isPartOf\":{\"@id\":\"https:\/\/htmrobotics.com\/es\/#website\"},\"datePublished\":\"2022-04-08T10:58:23+00:00\",\"dateModified\":\"2023-01-31T12:18:31+00:00\",\"description\":\"Ofrecer robots de servicio excepcional en \u00e1reas como pubs, restaurantes, hoteles, cl\u00ednicas, residencias, supermercados, f\u00e1bricas, etc. en todo el mundo.\",\"breadcrumb\":{\"@id\":\"https:\/\/htmrobotics.com\/es\/#breadcrumb\"},\"inLanguage\":\"es\",\"potentialAction\":[{\"@type\":\"ReadAction\",\"target\":[\"https:\/\/htmrobotics.com\/es\/\"]}]},{\"@type\":\"BreadcrumbList\",\"@id\":\"https:\/\/htmrobotics.com\/es\/#breadcrumb\",\"itemListElement\":[{\"@type\":\"ListItem\",\"position\":1,\"name\":\"Home\",\"item\":\"https:\/\/htmrobotics.com\/es\/\"},{\"@type\":\"ListItem\",\"position\":2,\"name\":\"HTM Robotics\"}]},{\"@type\":\"WebSite\",\"@id\":\"https:\/\/htmrobotics.com\/es\/#website\",\"url\":\"https:\/\/htmrobotics.com\/es\/\",\"name\":\"HTM Robotics\",\"description\":\"HTM Robotics\",\"publisher\":{\"@id\":\"https:\/\/htmrobotics.com\/es\/#organization\"},\"potentialAction\":[{\"@type\":\"SearchAction\",\"target\":{\"@type\":\"EntryPoint\",\"urlTemplate\":\"https:\/\/htmrobotics.com\/es\/?s={search_term_string}\"},\"query-input\":\"required name=search_term_string\"}],\"inLanguage\":\"es\"},{\"@type\":\"Organization\",\"@id\":\"https:\/\/htmrobotics.com\/es\/#organization\",\"name\":\"HTM Robotics\",\"url\":\"https:\/\/htmrobotics.com\/es\/\",\"logo\":{\"@type\":\"ImageObject\",\"inLanguage\":\"es\",\"@id\":\"https:\/\/htmrobotics.com\/es\/#\/schema\/logo\/image\/\",\"url\":\"https:\/\/htmrobotics.com\/wp-content\/uploads\/2022\/06\/logo-htm-robotics-1100x405px.png\",\"contentUrl\":\"https:\/\/htmrobotics.com\/wp-content\/uploads\/2022\/06\/logo-htm-robotics-1100x405px.png\",\"width\":1100,\"height\":405,\"caption\":\"HTM Robotics\"},\"image\":{\"@id\":\"https:\/\/htmrobotics.com\/es\/#\/schema\/logo\/image\/\"}}]}<\/script>\n<!-- \/ Yoast SEO plugin. -->","yoast_head_json":{"title":"HTM Robotics - HTM Robotics","description":"Ofrecer robots de servicio excepcional en \u00e1reas como pubs, restaurantes, hoteles, cl\u00ednicas, residencias, supermercados, f\u00e1bricas, etc. en todo el mundo.","robots":{"index":"index","follow":"follow","max-snippet":"max-snippet:-1","max-image-preview":"max-image-preview:large","max-video-preview":"max-video-preview:-1"},"canonical":"https:\/\/htmrobotics.com\/es\/","og_locale":"es_ES","og_type":"article","og_title":"HTM Robotics - HTM Robotics","og_description":"Ofrecer robots de servicio excepcional en \u00e1reas como pubs, restaurantes, hoteles, cl\u00ednicas, residencias, supermercados, f\u00e1bricas, etc. en todo el mundo.","og_url":"https:\/\/htmrobotics.com\/es\/","og_site_name":"HTM Robotics","article_modified_time":"2023-01-31T12:18:31+00:00","twitter_card":"summary_large_image","schema":{"@context":"https:\/\/schema.org","@graph":[{"@type":"WebPage","@id":"https:\/\/htmrobotics.com\/es\/","url":"https:\/\/htmrobotics.com\/es\/","name":"HTM Robotics - HTM Robotics","isPartOf":{"@id":"https:\/\/htmrobotics.com\/es\/#website"},"datePublished":"2022-04-08T10:58:23+00:00","dateModified":"2023-01-31T12:18:31+00:00","description":"Ofrecer robots de servicio excepcional en \u00e1reas como pubs, restaurantes, hoteles, cl\u00ednicas, residencias, supermercados, f\u00e1bricas, etc. en todo el mundo.","breadcrumb":{"@id":"https:\/\/htmrobotics.com\/es\/#breadcrumb"},"inLanguage":"es","potentialAction":[{"@type":"ReadAction","target":["https:\/\/htmrobotics.com\/es\/"]}]},{"@type":"BreadcrumbList","@id":"https:\/\/htmrobotics.com\/es\/#breadcrumb","itemListElement":[{"@type":"ListItem","position":1,"name":"Home","item":"https:\/\/htmrobotics.com\/es\/"},{"@type":"ListItem","position":2,"name":"HTM Robotics"}]},{"@type":"WebSite","@id":"https:\/\/htmrobotics.com\/es\/#website","url":"https:\/\/htmrobotics.com\/es\/","name":"HTM Robotics","description":"HTM Robotics","publisher":{"@id":"https:\/\/htmrobotics.com\/es\/#organization"},"potentialAction":[{"@type":"SearchAction","target":{"@type":"EntryPoint","urlTemplate":"https:\/\/htmrobotics.com\/es\/?s={search_term_string}"},"query-input":"required name=search_term_string"}],"inLanguage":"es"},{"@type":"Organization","@id":"https:\/\/htmrobotics.com\/es\/#organization","name":"HTM Robotics","url":"https:\/\/htmrobotics.com\/es\/","logo":{"@type":"ImageObject","inLanguage":"es","@id":"https:\/\/htmrobotics.com\/es\/#\/schema\/logo\/image\/","url":"https:\/\/htmrobotics.com\/wp-content\/uploads\/2022\/06\/logo-htm-robotics-1100x405px.png","contentUrl":"https:\/\/htmrobotics.com\/wp-content\/uploads\/2022\/06\/logo-htm-robotics-1100x405px.png","width":1100,"height":405,"caption":"HTM Robotics"},"image":{"@id":"https:\/\/htmrobotics.com\/es\/#\/schema\/logo\/image\/"}}]}},"_links":{"self":[{"href":"https:\/\/htmrobotics.com\/es\/wp-json\/wp\/v2\/pages\/985"}],"collection":[{"href":"https:\/\/htmrobotics.com\/es\/wp-json\/wp\/v2\/pages"}],"about":[{"href":"https:\/\/htmrobotics.com\/es\/wp-json\/wp\/v2\/types\/page"}],"author":[{"embeddable":true,"href":"https:\/\/htmrobotics.com\/es\/wp-json\/wp\/v2\/users\/1"}],"replies":[{"embeddable":true,"href":"https:\/\/htmrobotics.com\/es\/wp-json\/wp\/v2\/comments?post=985"}],"version-history":[{"count":3,"href":"https:\/\/htmrobotics.com\/es\/wp-json\/wp\/v2\/pages\/985\/revisions"}],"predecessor-version":[{"id":1209,"href":"https:\/\/htmrobotics.com\/es\/wp-json\/wp\/v2\/pages\/985\/revisions\/1209"}],"wp:attachment":[{"href":"https:\/\/htmrobotics.com\/es\/wp-json\/wp\/v2\/media?parent=985"}],"curies":[{"name":"wp","href":"https:\/\/api.w.org\/{rel}","templated":true}]}}